{"id":201,"date":"2019-05-12T19:12:14","date_gmt":"2019-05-12T19:12:14","guid":{"rendered":"https:\/\/cmiwp.isedd.net\/?page_id=201"},"modified":"2019-05-12T19:12:14","modified_gmt":"2019-05-12T19:12:14","slug":"impressum","status":"publish","type":"page","link":"https:\/\/cmiwp.isedd.net\/en\/impressum\/","title":{"rendered":"Imprint (German)"},"content":{"rendered":"<p>ISEDD GmbH<br \/>Gustav-Bastert-Str. 11<br \/>33719 Bielefeld<br \/>Telefon: 0521\/97176-0<br \/>Telefax: 0521\/97176-100<\/p>\n<p>eMail: <a href=\"\/en\/\"  class=\"mailcrypt\">webmaster<span><span>\u2202<\/span><\/span>isedd.de<\/a><\/p>\n<p>Internet: <a href=\"http:\/\/www.isedd.biz\" data-htmlarea-external=\"1\">www.isedd.de<\/a><\/p>\n<p>Gesch\u00e4ftsf\u00fchrer: Norbert Elsbernd<\/p>\n<p>Registergericht: Amtsgericht Bielefeld<br \/>Registernummer: HRB33257<\/p>\n<p>Umsatzsteuer-Identifikationsnummer gem\u00e4\u00df \u00a727a Umsatzsteuergesetz: DE124004554<\/p>\n<p>Inhaltlich Verantwortlicher gem\u00e4\u00df \u00a755 Abs. 2 RStV: Norbert Elsbernd (Anschrift wie oben)<\/p>\n<\/p>\n<p><b>Haftung f\u00fcr Inhalte<\/b><\/p>\n<p>Als Betreiber der Seiten sind wir f\u00fcr eigene Inhalte nach den allgemeinen Gesetzen verantwortlich. Die Inhalte der Seiten wurden mit gr\u00f6\u00dfter Sorgfalt erstellt. F\u00fcr die Richtigkeit, Vollst\u00e4ndigkeit und Aktualit\u00e4t der Inhalte k\u00f6nnen wir jedoch keine Haftung \u00fcbernehmen.<\/p>\n<p>Trotz sorgf\u00e4ltiger inhaltlicher Kontrolle \u00fcbernehmen wir keine Haftung f\u00fcr die Inhalte externer Links. F\u00fcr den Inhalt der verlinkten Seiten sind ausschlie\u00dflich deren Betreiber verantwortlich.<\/p>\n<p>Wir bem\u00fchen uns, kein fremdes Copyright zu verletzen. Sollte aber jemand der Meinung sein, dass seine Rechte durch Inhalte dieser Internetseite verletzt werden, bitten wir um eine einfache Mitteilung per eMail, Telefax oder Brief. Die betreffenden Inhalte werden bei berechtigten Beschwerden umgehend entfernt!<\/p>\n<p><b>Haftung f\u00fcr Links<\/b><\/p>\n<p>Unser Angebot enth\u00e4lt Links zu externen Webseiten, auf deren Inhalte wir keinen Einfluss haben. Trotz sorgf\u00e4ltiger inhaltlicher Kontrolle \u00fcbernehmen wir keine Haftung f\u00fcr die Inhalte externer Links. F\u00fcr den Inhalt der verlinkten Seiten sind ausschlie\u00dflich deren Betreiber verantwortlich. Eine permanente Kontrolle der verlinkten Seiten ist jedoch ohne konkrete Anhaltspunkte nicht zumutbar. Auch hier gilt, falls jemandem bekannt wird, dass externe Links auf Seiten mit rechtswidrigem Inhalt verweisen, bitten wir um einfache Mitteilung per eMail, Telefax oder Brief. Bei bekannt werden von Rechtsverletzungen werden wir diese Links umgehend entfernen. Sollte es jemandem nicht gefallen, dass von unserer Seite ein Link auf seine Internetseite f\u00fchrt, bitten wir auch hier um eine einfache Mitteilung per eMail, Telefax oder Brief. Der betreffende Link wird umgehend entfernt!<\/p>\n<p><b>Urheberrecht<\/b><\/p>\n<p>Die Ver\u00f6ffentlichungen auf diesen Seiten unterliegen dem deutschen Urheberrecht. Die Vervielf\u00e4ltigung, Bearbeitung, Verbreitung und jede Art der Verwertung au\u00dferhalb der Grenzen des Urheberrechtes bed\u00fcrfen der schriftlichen Zustimmung des jeweiligen Verfassers. Beitr\u00e4ge Dritter sind als solche gekennzeichnet.<\/p>","protected":false},"excerpt":{"rendered":"<p>ISEDD GmbHGustav-Bastert-Str. 1133719 BielefeldTelefon: 0521\/97176-0Telefax: 0521\/97176-100 eMail: webmaster\u2202isedd.de Internet: www.isedd.de Gesch\u00e4ftsf\u00fchrer: Norbert Elsbernd Registergericht: Amtsgericht BielefeldRegisternummer: HRB33257 Umsatzsteuer-Identifikationsnummer gem\u00e4\u00df \u00a727a Umsatzsteuergesetz: DE124004554 Inhaltlich Verantwortlicher gem\u00e4\u00df \u00a755 Abs. 2 RStV: Norbert Elsbernd (Anschrift wie oben) Haftung f\u00fcr Inhalte Als Betreiber der <a href=\"https:\/\/cmiwp.isedd.net\/en\/impressum\/\"> Read more&#8230;<\/a><\/p>","protected":false},"author":1,"featured_media":0,"parent":0,"menu_order":0,"comment_status":"closed","ping_status":"closed","template":"","meta":{"footnotes":""},"class_list":["post-201","page","type-page","status-publish","hentry"],"_links":{"self":[{"href":"https:\/\/cmiwp.isedd.net\/en\/wp-json\/wp\/v2\/pages\/201","targetHints":{"allow":["GET"]}}],"collection":[{"href":"https:\/\/cmiwp.isedd.net\/en\/wp-json\/wp\/v2\/pages"}],"about":[{"href":"https:\/\/cmiwp.isedd.net\/en\/wp-json\/wp\/v2\/types\/page"}],"author":[{"embeddable":true,"href":"https:\/\/cmiwp.isedd.net\/en\/wp-json\/wp\/v2\/users\/1"}],"replies":[{"embeddable":true,"href":"https:\/\/cmiwp.isedd.net\/en\/wp-json\/wp\/v2\/comments?post=201"}],"version-history":[{"count":1,"href":"https:\/\/cmiwp.isedd.net\/en\/wp-json\/wp\/v2\/pages\/201\/revisions"}],"predecessor-version":[{"id":202,"href":"https:\/\/cmiwp.isedd.net\/en\/wp-json\/wp\/v2\/pages\/201\/revisions\/202"}],"wp:attachment":[{"href":"https:\/\/cmiwp.isedd.net\/en\/wp-json\/wp\/v2\/media?parent=201"}],"curies":[{"name":"wp","href":"https:\/\/api.w.org\/{rel}","templated":true}]}}