{"id":327,"date":"2019-05-22T14:05:03","date_gmt":"2019-05-22T14:05:03","guid":{"rendered":"https:\/\/cmiwp.isedd.net\/?page_id=327"},"modified":"2025-07-21T12:18:39","modified_gmt":"2025-07-21T12:18:39","slug":"home","status":"publish","type":"page","link":"https:\/\/cmiwp.isedd.net\/en\/","title":{"rendered":"Home"},"content":{"rendered":"<div data-elementor-type=\"wp-post\" data-elementor-id=\"327\" class=\"elementor elementor-327\">\n\t\t\t\t\t\t<section class=\"elementor-section elementor-top-section elementor-element elementor-element-5e55ee6 elementor-section-boxed elementor-section-height-default elementor-section-height-default\" data-id=\"5e55ee6\" data-element_type=\"section\" data-e-type=\"section\">\n\t\t\t\t\t\t<div class=\"elementor-container elementor-column-gap-default\">\n\t\t\t\t\t<div class=\"elementor-column elementor-col-100 elementor-top-column elementor-element elementor-element-7759573\" data-id=\"7759573\" data-element_type=\"column\" data-e-type=\"column\">\n\t\t\t<div class=\"elementor-widget-wrap elementor-element-populated\">\n\t\t\t\t\t\t<div class=\"elementor-element elementor-element-7286e2e elementor-widget elementor-widget-heading\" data-id=\"7286e2e\" data-element_type=\"widget\" data-e-type=\"widget\" data-widget_type=\"heading.default\">\n\t\t\t\t<div class=\"elementor-widget-container\">\n\t\t\t\t\t<h2 class=\"elementor-heading-title elementor-size-default\">Important Hints: <br><br>Our website is currently being revised \u2013 especially the customer area! Please contact us directly for information about our products and services. <\/h2>\t\t\t\t<\/div>\n\t\t\t\t<\/div>\n\t\t\t\t<div class=\"elementor-element elementor-element-04016be elementor-widget elementor-widget-heading\" data-id=\"04016be\" data-element_type=\"widget\" data-e-type=\"widget\" data-widget_type=\"heading.default\">\n\t\t\t\t<div class=\"elementor-widget-container\">\n\t\t\t\t\t<h2 class=\"elementor-heading-title elementor-size-default\"><h1>Welcome! <\/h1>\n<p>Our engineering firm specialises in developing customised solutions for production and measurement technology.<\/p>\n<p>Over time, some of these prototypes have become standard devices, which we present here as examples. <\/p>\n<p>Of course, our \u2018classic\u2019 products are highly adaptable. If you have additional or different requirements, please contact us. We are sure to find the right solution for your application.<\/p>\n<p>The distribution of standard equipment, in particular <\/p>\n<ul>\n  <li>\n    <p><a href=\"https:\/\/detektron.isedd.net\/produkt-kategorie\/industrieelektronik\/\" target=\"_blank\" title=\"Data acquisition devices\" data-htmlarea-external=\"1\">Data acquisition devices<\/a><\/p>\n  <\/li>\n  <li>\n    <p><a href=\"https:\/\/detektron.isedd.net\/produkt-kategorie\/industrieelektronik\/\" target=\"_blank\" title=\"Industrial electronics\" data-htmlarea-external=\"1\">Industrial electronics<\/a><\/p>\n  <\/li>\n  <li>\n    <p><a href=\"https:\/\/detektron.isedd.net\/produkt-kategorie\/industrieelektronik\/\" target=\"_blank\" title=\"Controller\" data-htmlarea-external=\"1\">Controller<\/a><\/p>\n  <\/li>\n<\/ul>\n<p>has been consolidated into the new business division <a href=\"https:\/\/detektron.isedd.net\/\" target=\"_blank\" title=\"DetekTron.\" data-htmlarea-external=\"1\"><b>DetekTron.<\/b><\/a>\nDetailed information is available on this <a href=\"http:\/\/www.detektron.de\/startseite\/\" target=\"_blank\" title=\"website\" data-htmlarea-external=\"1\">website<\/a>.<\/p>\n\n<\/h2>\t\t\t\t<\/div>\n\t\t\t\t<\/div>\n\t\t\t\t\t<\/div>\n\t\t<\/div>\n\t\t\t\t\t<\/div>\n\t\t<\/section>\n\t\t\t\t<section class=\"elementor-section elementor-top-section elementor-element elementor-element-a47007e elementor-section-boxed elementor-section-height-default elementor-section-height-default\" data-id=\"a47007e\" data-element_type=\"section\" data-e-type=\"section\">\n\t\t\t\t\t\t<div class=\"elementor-container elementor-column-gap-default\">\n\t\t\t\t\t<div class=\"elementor-column elementor-col-100 elementor-top-column elementor-element elementor-element-2298160\" data-id=\"2298160\" data-element_type=\"column\" data-e-type=\"column\">\n\t\t\t<div class=\"elementor-widget-wrap elementor-element-populated\">\n\t\t\t\t\t\t<div class=\"elementor-element elementor-element-cecc243 elementor-arrows-position-outside elementor-pagination-position-outside elementor-widget elementor-widget-image-carousel\" data-id=\"cecc243\" data-element_type=\"widget\" data-e-type=\"widget\" data-settings=\"{&quot;slides_to_show&quot;:&quot;6&quot;,&quot;image_spacing_custom&quot;:{&quot;unit&quot;:&quot;px&quot;,&quot;size&quot;:78,&quot;sizes&quot;:[]},&quot;navigation&quot;:&quot;both&quot;,&quot;autoplay&quot;:&quot;yes&quot;,&quot;pause_on_hover&quot;:&quot;yes&quot;,&quot;pause_on_interaction&quot;:&quot;yes&quot;,&quot;autoplay_speed&quot;:5000,&quot;infinite&quot;:&quot;yes&quot;,&quot;speed&quot;:500,&quot;image_spacing_custom_tablet&quot;:{&quot;unit&quot;:&quot;px&quot;,&quot;size&quot;:&quot;&quot;,&quot;sizes&quot;:[]},&quot;image_spacing_custom_mobile&quot;:{&quot;unit&quot;:&quot;px&quot;,&quot;size&quot;:&quot;&quot;,&quot;sizes&quot;:[]}}\" data-widget_type=\"image-carousel.default\">\n\t\t\t\t<div class=\"elementor-widget-container\">\n\t\t\t\t\t\t\t<div class=\"elementor-image-carousel-wrapper swiper\" role=\"region\" aria-roledescription=\"carousel\" aria-label=\"Bild Karussell\" dir=\"ltr\">\n\t\t\t<div class=\"elementor-image-carousel swiper-wrapper\" aria-live=\"off\">\n\t\t\t\t\t\t\t\t<div class=\"swiper-slide\" role=\"group\" aria-roledescription=\"slide\" aria-label=\"1 von 16\"><figure class=\"swiper-slide-inner\"><img decoding=\"async\" class=\"swiper-slide-image\" src=\"https:\/\/cmiwp.isedd.net\/wp-content\/uploads\/elementor\/thumbs\/ZENTR2-o9yc9667xn2l7x2kqfz2ajiqqvw0xh8qwzy138bly4.jpg\" alt=\"ZENTR2\" \/><\/figure><\/div><div class=\"swiper-slide\" role=\"group\" aria-roledescription=\"slide\" aria-label=\"2 von 16\"><figure class=\"swiper-slide-inner\"><img decoding=\"async\" class=\"swiper-slide-image\" src=\"https:\/\/cmiwp.isedd.net\/wp-content\/uploads\/elementor\/thumbs\/DSC00059-90-o4tvwyl8zim7w1qtqt6emj995lt3agjcaesf3lf1ss.jpg\" alt=\"DSC00059-90\" \/><\/figure><\/div><div class=\"swiper-slide\" role=\"group\" aria-roledescription=\"slide\" aria-label=\"3 von 16\"><figure class=\"swiper-slide-inner\"><img decoding=\"async\" class=\"swiper-slide-image\" src=\"https:\/\/cmiwp.isedd.net\/wp-content\/uploads\/elementor\/thumbs\/MDM-8100-001-web_01-o4tvw2mqj5egxb18xfd39rbkyi6m0r0gu0lws6qfoc.png\" alt=\"MDM-8100-001-web_01\" \/><\/figure><\/div><div class=\"swiper-slide\" role=\"group\" aria-roledescription=\"slide\" aria-label=\"4 von 16\"><figure class=\"swiper-slide-inner\"><img decoding=\"async\" class=\"swiper-slide-image\" src=\"https:\/\/cmiwp.isedd.net\/wp-content\/uploads\/elementor\/thumbs\/Puffertank-001-o4tvv9hqnaakxe7knkrnmgoajk68e4sse0duwlxn18.jpg\" alt=\"Puffertank-001\" \/><\/figure><\/div><div class=\"swiper-slide\" role=\"group\" aria-roledescription=\"slide\" aria-label=\"5 von 16\"><figure class=\"swiper-slide-inner\"><img decoding=\"async\" class=\"swiper-slide-image\" src=\"https:\/\/cmiwp.isedd.net\/wp-content\/uploads\/elementor\/thumbs\/SpueRue_001-o4tvuappmeyyztm3anqgk7g8kaxnhbypx88w5dd7fg.jpg\" alt=\"SpueRue_001\" \/><\/figure><\/div><div class=\"swiper-slide\" role=\"group\" aria-roledescription=\"slide\" aria-label=\"6 von 16\"><figure class=\"swiper-slide-inner\"><img decoding=\"async\" class=\"swiper-slide-image\" src=\"https:\/\/cmiwp.isedd.net\/wp-content\/uploads\/elementor\/thumbs\/Laminator_V2_320x209-300x196-o4tvt78hndgxg77fp6o4nhevm4c8i1lzrsuhzqzqos.png\" alt=\"Laminator_V2_320x209-300x196\" \/><\/figure><\/div><div class=\"swiper-slide\" role=\"group\" aria-roledescription=\"slide\" aria-label=\"7 von 16\"><figure class=\"swiper-slide-inner\"><img decoding=\"async\" class=\"swiper-slide-image\" src=\"https:\/\/cmiwp.isedd.net\/wp-content\/uploads\/elementor\/thumbs\/DB-8096-Web-001-749x1024-o4tvrkyhvn95gdk35hh9cw4as8bh8t6mvsee8le5ek.jpg\" alt=\"DB-8096-Web-001-749x1024\" \/><\/figure><\/div><div class=\"swiper-slide\" role=\"group\" aria-roledescription=\"slide\" aria-label=\"8 von 16\"><figure class=\"swiper-slide-inner\"><img decoding=\"async\" class=\"swiper-slide-image\" src=\"https:\/\/cmiwp.isedd.net\/wp-content\/uploads\/elementor\/thumbs\/Buewa1-o4tvo304fugq8mn1kz192rwj6lkaldalqgzbxikwkc.gif\" alt=\"Buewa1\" \/><\/figure><\/div><div class=\"swiper-slide\" role=\"group\" aria-roledescription=\"slide\" aria-label=\"9 von 16\"><figure class=\"swiper-slide-inner\"><img decoding=\"async\" class=\"swiper-slide-image\" src=\"https:\/\/cmiwp.isedd.net\/wp-content\/uploads\/elementor\/thumbs\/Ir6001-5-o4tvo22a90ffx0oeqgmmia52l7oxdo6vecbug8maqk.gif\" alt=\"Ir6001-5\" \/><\/figure><\/div><div class=\"swiper-slide\" role=\"group\" aria-roledescription=\"slide\" aria-label=\"10 von 16\"><figure class=\"swiper-slide-inner\"><img decoding=\"async\" class=\"swiper-slide-image\" src=\"https:\/\/cmiwp.isedd.net\/wp-content\/uploads\/elementor\/thumbs\/zentr1-oahhjd6wg7u12d2h9ikr9rlh7tvpv1vkjuz1mw2ggs.gif\" alt=\"zentr1\" \/><\/figure><\/div><div class=\"swiper-slide\" role=\"group\" aria-roledescription=\"slide\" aria-label=\"11 von 16\"><figure class=\"swiper-slide-inner\"><img decoding=\"async\" class=\"swiper-slide-image\" src=\"https:\/\/cmiwp.isedd.net\/wp-content\/uploads\/elementor\/thumbs\/Lami-2-o4tvo06lvccv9sr51ftddam5efy6y9zeq30vhop330.gif\" alt=\"Lami-2\" \/><\/figure><\/div><div class=\"swiper-slide\" role=\"group\" aria-roledescription=\"slide\" aria-label=\"12 von 16\"><figure class=\"swiper-slide-inner\"><img decoding=\"async\" class=\"swiper-slide-image\" src=\"https:\/\/cmiwp.isedd.net\/wp-content\/uploads\/elementor\/thumbs\/spueru1-o4tvnz8roibky6si6xeqssuot22tqkvodyde0eqh98.gif\" alt=\"spueru1\" \/><\/figure><\/div><div class=\"swiper-slide\" role=\"group\" aria-roledescription=\"slide\" aria-label=\"13 von 16\"><figure class=\"swiper-slide-inner\"><img decoding=\"async\" class=\"swiper-slide-image\" src=\"https:\/\/cmiwp.isedd.net\/wp-content\/uploads\/elementor\/thumbs\/Abra1-o4tvnyaxhoaamktvcf048b387o7givry1tpwj4rvfg.gif\" alt=\"Abra1\" \/><\/figure><\/div><div class=\"swiper-slide\" role=\"group\" aria-roledescription=\"slide\" aria-label=\"14 von 16\"><figure class=\"swiper-slide-inner\"><img decoding=\"async\" class=\"swiper-slide-image\" src=\"https:\/\/cmiwp.isedd.net\/wp-content\/uploads\/elementor\/thumbs\/Spinco2-o4tvnwf9407pzcwlne6v3bkb0wgq3hkhdkexkkunrw.gif\" alt=\"Spinco2\" \/><\/figure><\/div><div class=\"swiper-slide\" role=\"group\" aria-roledescription=\"slide\" aria-label=\"15 von 16\"><figure class=\"swiper-slide-inner\"><img decoding=\"async\" class=\"swiper-slide-image\" src=\"https:\/\/cmiwp.isedd.net\/wp-content\/uploads\/elementor\/thumbs\/MDM-8100-001-o4tvnvhex66fnqxysvs8itsufilcvsgr1frg3aw1y4.png\" alt=\"MDM-8100-001\" \/><\/figure><\/div><div class=\"swiper-slide\" role=\"group\" aria-roledescription=\"slide\" aria-label=\"16 von 16\"><figure class=\"swiper-slide-inner\"><img decoding=\"async\" class=\"swiper-slide-image\" src=\"https:\/\/cmiwp.isedd.net\/wp-content\/uploads\/elementor\/thumbs\/Abra-8079-001-o4tvnowjlbxfeh7ivaxujdgm9thsdwqmoj71qd5t5o.png\" alt=\"Abra-8079-001\" \/><\/figure><\/div>\t\t\t<\/div>\n\t\t\t\t\t\t\t\t\t\t\t\t<div class=\"elementor-swiper-button elementor-swiper-button-prev\" role=\"button\" tabindex=\"0\">\n\t\t\t\t\t\t<i aria-hidden=\"true\" class=\"eicon-chevron-left\"><\/i>\t\t\t\t\t<\/div>\n\t\t\t\t\t<div class=\"elementor-swiper-button elementor-swiper-button-next\" role=\"button\" tabindex=\"0\">\n\t\t\t\t\t\t<i aria-hidden=\"true\" class=\"eicon-chevron-right\"><\/i>\t\t\t\t\t<\/div>\n\t\t\t\t\n\t\t\t\t\t\t\t\t\t<div class=\"swiper-pagination\"><\/div>\n\t\t\t\t\t\t\t\t\t<\/div>\n\t\t\t\t\t\t<\/div>\n\t\t\t\t<\/div>\n\t\t\t\t\t<\/div>\n\t\t<\/div>\n\t\t\t\t\t<\/div>\n\t\t<\/section>\n\t\t\t\t<\/div>","protected":false},"excerpt":{"rendered":"<p>Wichtige Hinweise: Unsere Internetseite wird momentan \u00fcberarbeitet &#8211; insbesondere auch der Kundenbereich!! Bitte kontaktieren Sie uns direkt f\u00fcr Informationen zu unseren Produkten und Leistungen. Herzlich Willkommen! Unser Ingenieurb\u00fcro hat sich auf die Entwicklung kundenspezifischer L\u00f6sungen f\u00fcr Produktions- und Messtechnik spezialisiert. <a href=\"https:\/\/cmiwp.isedd.net\/en\/\"> Read more&#8230;<\/a><\/p>","protected":false},"author":1,"featured_media":0,"parent":0,"menu_order":0,"comment_status":"closed","ping_status":"closed","template":"","meta":{"footnotes":""},"class_list":["post-327","page","type-page","status-publish","hentry"],"_links":{"self":[{"href":"https:\/\/cmiwp.isedd.net\/en\/wp-json\/wp\/v2\/pages\/327","targetHints":{"allow":["GET"]}}],"collection":[{"href":"https:\/\/cmiwp.isedd.net\/en\/wp-json\/wp\/v2\/pages"}],"about":[{"href":"https:\/\/cmiwp.isedd.net\/en\/wp-json\/wp\/v2\/types\/page"}],"author":[{"embeddable":true,"href":"https:\/\/cmiwp.isedd.net\/en\/wp-json\/wp\/v2\/users\/1"}],"replies":[{"embeddable":true,"href":"https:\/\/cmiwp.isedd.net\/en\/wp-json\/wp\/v2\/comments?post=327"}],"version-history":[{"count":17,"href":"https:\/\/cmiwp.isedd.net\/en\/wp-json\/wp\/v2\/pages\/327\/revisions"}],"predecessor-version":[{"id":5069,"href":"https:\/\/cmiwp.isedd.net\/en\/wp-json\/wp\/v2\/pages\/327\/revisions\/5069"}],"wp:attachment":[{"href":"https:\/\/cmiwp.isedd.net\/en\/wp-json\/wp\/v2\/media?parent=327"}],"curies":[{"name":"wp","href":"https:\/\/api.w.org\/{rel}","templated":true}]}}