{"id":399,"date":"2019-06-03T21:07:48","date_gmt":"2019-06-03T21:07:48","guid":{"rendered":"https:\/\/cmiwp.isedd.net\/?page_id=399"},"modified":"2019-06-03T21:11:28","modified_gmt":"2019-06-03T21:11:28","slug":"reinigungstechnik","status":"publish","type":"page","link":"https:\/\/cmiwp.isedd.net\/en\/reinigungstechnik\/","title":{"rendered":"Cleaning technique"},"content":{"rendered":"<div data-elementor-type=\"wp-post\" data-elementor-id=\"399\" class=\"elementor elementor-399\">\n\t\t\t\t\t\t<section class=\"elementor-section elementor-top-section elementor-element elementor-element-f6b256f elementor-section-boxed elementor-section-height-default elementor-section-height-default\" data-id=\"f6b256f\" data-element_type=\"section\" data-e-type=\"section\">\n\t\t\t\t\t\t<div class=\"elementor-container elementor-column-gap-default\">\n\t\t\t\t\t<div class=\"elementor-column elementor-col-100 elementor-top-column elementor-element elementor-element-6771ddc\" data-id=\"6771ddc\" data-element_type=\"column\" data-e-type=\"column\">\n\t\t\t<div class=\"elementor-widget-wrap elementor-element-populated\">\n\t\t\t\t\t\t<div class=\"elementor-element elementor-element-c2ff45f elementor-widget elementor-widget-heading\" data-id=\"c2ff45f\" data-element_type=\"widget\" data-e-type=\"widget\" data-widget_type=\"heading.default\">\n\t\t\t\t<div class=\"elementor-widget-container\">\n\t\t\t\t\t<h2 class=\"elementor-heading-title elementor-size-default\">Professionelle Reinigungstechnik<\/h2>\t\t\t\t<\/div>\n\t\t\t\t<\/div>\n\t\t\t\t\t<\/div>\n\t\t<\/div>\n\t\t\t\t\t<\/div>\n\t\t<\/section>\n\t\t\t\t<section class=\"elementor-section elementor-top-section elementor-element elementor-element-b4d5e08 elementor-section-boxed elementor-section-height-default elementor-section-height-default\" data-id=\"b4d5e08\" data-element_type=\"section\" data-e-type=\"section\">\n\t\t\t\t\t\t<div class=\"elementor-container elementor-column-gap-default\">\n\t\t\t\t\t<div class=\"elementor-column elementor-col-100 elementor-top-column elementor-element elementor-element-de25546\" data-id=\"de25546\" data-element_type=\"column\" data-e-type=\"column\">\n\t\t\t<div class=\"elementor-widget-wrap elementor-element-populated\">\n\t\t\t\t\t\t<div class=\"elementor-element elementor-element-e94ac6b elementor-widget elementor-widget-text-editor\" data-id=\"e94ac6b\" data-element_type=\"widget\" data-e-type=\"widget\" data-widget_type=\"text-editor.default\">\n\t\t\t\t<div class=\"elementor-widget-container\">\n\t\t\t\t\t\t\t\t\t<p>In vielen Produktionsprozessen m\u00fcssen die unterschiedlichsten Werkst\u00fccke wie Leiterplatten, L\u00f6trahmen, Metallschablonen, Metallteile, Werkzeuge, technische Glasteile, optische Gl\u00e4ser, Magazine, Boxen, Horden und vieles mehr gereinigt und getrocknet werden.<\/p><p><b>ISEDD bietet daf\u00fcr\u00a0professionelle L\u00f6sungen an.<\/b>\u00a0Neben den Standardger\u00e4ten von unseren Partnern, z.B. Miele, konstruieren und fertigen wir Maschinen speziell f\u00fcr Ihre Aufgabe. Nach M\u00f6glichkeit passen wir Standardger\u00e4te an die aktuellen Reinigungsanforderungen an, entwickeln\u00a0aber auch von Grund auf neue Reinigungsprozesse\u00a0und -anlagen.<\/p><p>Die Anforderungen werden vom Kunden oder in Zusammenarbeit mit uns definiert und von uns umgesetzt. Von der Zwischenreinigung (z.B. bei L\u00f6trahmen) \u00fcber beschichtungsreife Reinigung (z.B. Brillengl\u00e4ser, Glasmaster f\u00fcr optische Datentr\u00e4ger, sonstige Glassubstrate, Wafer, Schneidwerkzeuge wie Bohrer oder Fr\u00e4ser) bis hin zur Partikeldekontamination unter Reinraumbedingungen (z.B. bei Matrizen f\u00fcr optische Datentr\u00e4ger oder Transportbeh\u00e4lter wie Boxen, Horden, Chiptrays).<\/p>\t\t\t\t\t\t\t\t<\/div>\n\t\t\t\t<\/div>\n\t\t\t\t\t<\/div>\n\t\t<\/div>\n\t\t\t\t\t<\/div>\n\t\t<\/section>\n\t\t\t\t<\/div>","protected":false},"excerpt":{"rendered":"<p>Professionelle Reinigungstechnik In vielen Produktionsprozessen m\u00fcssen die unterschiedlichsten Werkst\u00fccke wie Leiterplatten, L\u00f6trahmen, Metallschablonen, Metallteile, Werkzeuge, technische Glasteile, optische Gl\u00e4ser, Magazine, Boxen, Horden und vieles mehr gereinigt und getrocknet werden. ISEDD bietet daf\u00fcr\u00a0professionelle L\u00f6sungen an.\u00a0Neben den Standardger\u00e4ten von unseren Partnern, z.B. <a href=\"https:\/\/cmiwp.isedd.net\/en\/reinigungstechnik\/\"> Read more&#8230;<\/a><\/p>","protected":false},"author":1,"featured_media":0,"parent":0,"menu_order":0,"comment_status":"closed","ping_status":"closed","template":"","meta":{"footnotes":""},"class_list":["post-399","page","type-page","status-publish","hentry"],"_links":{"self":[{"href":"https:\/\/cmiwp.isedd.net\/en\/wp-json\/wp\/v2\/pages\/399","targetHints":{"allow":["GET"]}}],"collection":[{"href":"https:\/\/cmiwp.isedd.net\/en\/wp-json\/wp\/v2\/pages"}],"about":[{"href":"https:\/\/cmiwp.isedd.net\/en\/wp-json\/wp\/v2\/types\/page"}],"author":[{"embeddable":true,"href":"https:\/\/cmiwp.isedd.net\/en\/wp-json\/wp\/v2\/users\/1"}],"replies":[{"embeddable":true,"href":"https:\/\/cmiwp.isedd.net\/en\/wp-json\/wp\/v2\/comments?post=399"}],"version-history":[{"count":3,"href":"https:\/\/cmiwp.isedd.net\/en\/wp-json\/wp\/v2\/pages\/399\/revisions"}],"predecessor-version":[{"id":404,"href":"https:\/\/cmiwp.isedd.net\/en\/wp-json\/wp\/v2\/pages\/399\/revisions\/404"}],"wp:attachment":[{"href":"https:\/\/cmiwp.isedd.net\/en\/wp-json\/wp\/v2\/media?parent=399"}],"curies":[{"name":"wp","href":"https:\/\/api.w.org\/{rel}","templated":true}]}}