{"id":407,"date":"2019-06-05T19:46:21","date_gmt":"2019-06-05T19:46:21","guid":{"rendered":"https:\/\/cmiwp.isedd.net\/?page_id=407"},"modified":"2019-07-03T21:19:05","modified_gmt":"2019-07-03T21:19:05","slug":"miele-reinigungsautomaten","status":"publish","type":"page","link":"https:\/\/cmiwp.isedd.net\/en\/miele-reinigungsautomaten\/","title":{"rendered":"Miele automatic cleaning machines"},"content":{"rendered":"<div data-elementor-type=\"wp-post\" data-elementor-id=\"407\" class=\"elementor elementor-407\">\n\t\t\t\t\t\t<section class=\"elementor-section elementor-top-section elementor-element elementor-element-349d16f elementor-section-boxed elementor-section-height-default elementor-section-height-default\" data-id=\"349d16f\" data-element_type=\"section\" data-e-type=\"section\">\n\t\t\t\t\t\t<div class=\"elementor-container elementor-column-gap-default\">\n\t\t\t\t\t<div class=\"elementor-column elementor-col-100 elementor-top-column elementor-element elementor-element-bc98183\" data-id=\"bc98183\" data-element_type=\"column\" data-e-type=\"column\">\n\t\t\t<div class=\"elementor-widget-wrap elementor-element-populated\">\n\t\t\t\t\t\t<div class=\"elementor-element elementor-element-0476cd1 elementor-widget elementor-widget-heading\" data-id=\"0476cd1\" data-element_type=\"widget\" data-e-type=\"widget\" data-widget_type=\"heading.default\">\n\t\t\t\t<div class=\"elementor-widget-container\">\n\t\t\t\t\t<h2 class=\"elementor-heading-title elementor-size-default\">Miele - Professionell<\/h2>\t\t\t\t<\/div>\n\t\t\t\t<\/div>\n\t\t\t\t\t<\/div>\n\t\t<\/div>\n\t\t\t\t\t<\/div>\n\t\t<\/section>\n\t\t\t\t<section class=\"elementor-section elementor-top-section elementor-element elementor-element-7b9f466 elementor-section-boxed elementor-section-height-default elementor-section-height-default\" data-id=\"7b9f466\" data-element_type=\"section\" data-e-type=\"section\">\n\t\t\t\t\t\t<div class=\"elementor-container elementor-column-gap-default\">\n\t\t\t\t\t<div class=\"elementor-column elementor-col-100 elementor-top-column elementor-element elementor-element-d4c5c95\" data-id=\"d4c5c95\" data-element_type=\"column\" data-e-type=\"column\">\n\t\t\t<div class=\"elementor-widget-wrap elementor-element-populated\">\n\t\t\t\t\t\t<section class=\"elementor-section elementor-inner-section elementor-element elementor-element-2ca8832 elementor-section-boxed elementor-section-height-default elementor-section-height-default\" data-id=\"2ca8832\" data-element_type=\"section\" data-e-type=\"section\">\n\t\t\t\t\t\t<div class=\"elementor-container elementor-column-gap-default\">\n\t\t\t\t\t<div class=\"elementor-column elementor-col-50 elementor-inner-column elementor-element elementor-element-df78e59\" data-id=\"df78e59\" data-element_type=\"column\" data-e-type=\"column\">\n\t\t\t<div class=\"elementor-widget-wrap elementor-element-populated\">\n\t\t\t\t\t\t<div class=\"elementor-element elementor-element-faeffc2 elementor-widget elementor-widget-text-editor\" data-id=\"faeffc2\" data-element_type=\"widget\" data-e-type=\"widget\" data-widget_type=\"text-editor.default\">\n\t\t\t\t<div class=\"elementor-widget-container\">\n\t\t\t\t\t\t\t\t\t<p>F\u00fcr Standardanwendungen empfehlen wir Ihnen gerne die<br \/>Reinigungsautomaten der Firma Miele. Diese Ger\u00e4te eignen sich u. a. f\u00fcr Anwendungen in den Bereichen<\/p><ul><li><p>Laboratory<\/p><\/li><li><p>Gro\u00dflabor<\/p><\/li><li><p>Industrie<\/p><\/li><\/ul><p>Zum Beispiel zur<\/p><ul><li><p>Reinigung von Kunststoffteilen, Magazinen und<br \/>Transportbeh\u00e4ltern<\/p><\/li><li><p>Reinigung von Boxen, Horden oder Chiptrays im Reinraum<\/p><\/li><li><p>Aufbereitung von Glas und Optiken<\/p><\/li><li><p>Reinigung von Edelstahl, Stahl, Aluminium, Kupfer,<br \/>Messing, Zinkdruckguss, etc.<\/p><\/li><li><p>Reinigung von L\u00f6trahmen, L\u00f6tmasken, Metallschablonen, etc.<\/p><\/li><li><p>Reinigung von unbest\u00fcckten, best\u00fcckten oder fehlgedruckten<br \/>Leiterplatten, von Keramiksubstraten, etc.<\/p><\/li><li><p>Aufbereitung zur Beschichtung von Glas, Optiken oder<br \/>Metallteilen<\/p><\/li><\/ul><p>Bei Bedarf passen wir die Reinigungsautomaten von Miele an<br \/>ihre Anforderungen an oder erg\u00e4nzen sie um das notwendige Equipment, zum Beispiel<\/p><ul><li><p>Water treatment<\/p><\/li><li><p>Chemikalienbereitstellung<\/p><\/li><li><p>Filterung<\/p><\/li><li><p>etc.<\/p><\/li><\/ul><p><b>Lassen Sie sich von uns beraten! Wir freuen uns auf Ihre Anfragen!<\/b><\/p>\t\t\t\t\t\t\t\t<\/div>\n\t\t\t\t<\/div>\n\t\t\t\t\t<\/div>\n\t\t<\/div>\n\t\t\t\t<div class=\"elementor-column elementor-col-50 elementor-inner-column elementor-element elementor-element-21cd51d\" data-id=\"21cd51d\" data-element_type=\"column\" data-e-type=\"column\">\n\t\t\t<div class=\"elementor-widget-wrap elementor-element-populated\">\n\t\t\t\t\t\t<div class=\"elementor-element elementor-element-d8948d1 elementor-arrows-position-inside elementor-pagination-position-outside elementor-widget elementor-widget-image-carousel\" data-id=\"d8948d1\" data-element_type=\"widget\" data-e-type=\"widget\" data-settings=\"{&quot;navigation&quot;:&quot;both&quot;,&quot;autoplay&quot;:&quot;yes&quot;,&quot;pause_on_hover&quot;:&quot;yes&quot;,&quot;pause_on_interaction&quot;:&quot;yes&quot;,&quot;autoplay_speed&quot;:5000,&quot;infinite&quot;:&quot;yes&quot;,&quot;speed&quot;:500}\" data-widget_type=\"image-carousel.default\">\n\t\t\t\t<div class=\"elementor-widget-container\">\n\t\t\t\t\t\t\t<div class=\"elementor-image-carousel-wrapper swiper\" role=\"region\" aria-roledescription=\"carousel\" aria-label=\"Bild Karussell\" dir=\"ltr\">\n\t\t\t<div class=\"elementor-image-carousel swiper-wrapper\" aria-live=\"off\">\n\t\t\t\t\t\t\t\t<div class=\"swiper-slide\" role=\"group\" aria-roledescription=\"slide\" aria-label=\"1 von 10\"><figure class=\"swiper-slide-inner\"><img decoding=\"async\" class=\"swiper-slide-image\" src=\"https:\/\/cmiwp.isedd.net\/wp-content\/uploads\/2019\/06\/PG8536_001-150x150.jpg\" alt=\"PG8536_001\" \/><\/figure><\/div><div class=\"swiper-slide\" role=\"group\" aria-roledescription=\"slide\" aria-label=\"2 von 10\"><figure class=\"swiper-slide-inner\"><img decoding=\"async\" class=\"swiper-slide-image\" src=\"https:\/\/cmiwp.isedd.net\/wp-content\/uploads\/2019\/06\/PG8535_002-150x150.jpg\" alt=\"PG8535_002\" \/><\/figure><\/div><div class=\"swiper-slide\" role=\"group\" aria-roledescription=\"slide\" aria-label=\"3 von 10\"><figure class=\"swiper-slide-inner\"><img decoding=\"async\" class=\"swiper-slide-image\" src=\"https:\/\/cmiwp.isedd.net\/wp-content\/uploads\/2019\/06\/PG8527-001-150x150.jpg\" alt=\"PG8527-001\" \/><\/figure><\/div><div class=\"swiper-slide\" role=\"group\" aria-roledescription=\"slide\" aria-label=\"4 von 10\"><figure class=\"swiper-slide-inner\"><img decoding=\"async\" class=\"swiper-slide-image\" src=\"https:\/\/cmiwp.isedd.net\/wp-content\/uploads\/2019\/06\/IR6002-001-150x150.jpg\" alt=\"IR6002-001\" \/><\/figure><\/div><div class=\"swiper-slide\" role=\"group\" aria-roledescription=\"slide\" aria-label=\"5 von 10\"><figure class=\"swiper-slide-inner\"><img decoding=\"async\" class=\"swiper-slide-image\" src=\"https:\/\/cmiwp.isedd.net\/wp-content\/uploads\/2019\/06\/IR6001-001-150x150.jpg\" alt=\"IR6001-001\" \/><\/figure><\/div><div class=\"swiper-slide\" role=\"group\" aria-roledescription=\"slide\" aria-label=\"6 von 10\"><figure class=\"swiper-slide-inner\"><img decoding=\"async\" class=\"swiper-slide-image\" src=\"https:\/\/cmiwp.isedd.net\/wp-content\/uploads\/2019\/06\/G7883-002-150x150.jpg\" alt=\"G7883-002\" \/><\/figure><\/div><div class=\"swiper-slide\" role=\"group\" aria-roledescription=\"slide\" aria-label=\"7 von 10\"><figure class=\"swiper-slide-inner\"><img decoding=\"async\" class=\"swiper-slide-image\" src=\"https:\/\/cmiwp.isedd.net\/wp-content\/uploads\/2019\/06\/G7824-001-150x150.jpg\" alt=\"G7824\" \/><\/figure><\/div><div class=\"swiper-slide\" role=\"group\" aria-roledescription=\"slide\" aria-label=\"8 von 10\"><figure class=\"swiper-slide-inner\"><img decoding=\"async\" class=\"swiper-slide-image\" src=\"https:\/\/cmiwp.isedd.net\/wp-content\/uploads\/2019\/06\/G7825-001-150x150.jpg\" alt=\"G7825-001\" \/><\/figure><\/div><div class=\"swiper-slide\" role=\"group\" aria-roledescription=\"slide\" aria-label=\"9 von 10\"><figure class=\"swiper-slide-inner\"><img decoding=\"async\" class=\"swiper-slide-image\" src=\"https:\/\/cmiwp.isedd.net\/wp-content\/uploads\/2019\/06\/G7826-001-150x150.jpg\" alt=\"G7826-001\" \/><\/figure><\/div><div class=\"swiper-slide\" role=\"group\" aria-roledescription=\"slide\" aria-label=\"10 von 10\"><figure class=\"swiper-slide-inner\"><img decoding=\"async\" class=\"swiper-slide-image\" src=\"https:\/\/cmiwp.isedd.net\/wp-content\/uploads\/2019\/06\/G7831-002-150x150.jpg\" alt=\"G7831-002\" \/><\/figure><\/div>\t\t\t<\/div>\n\t\t\t\t\t\t\t\t\t\t\t\t<div class=\"elementor-swiper-button elementor-swiper-button-prev\" role=\"button\" tabindex=\"0\">\n\t\t\t\t\t\t<i aria-hidden=\"true\" class=\"eicon-chevron-left\"><\/i>\t\t\t\t\t<\/div>\n\t\t\t\t\t<div class=\"elementor-swiper-button elementor-swiper-button-next\" role=\"button\" tabindex=\"0\">\n\t\t\t\t\t\t<i aria-hidden=\"true\" class=\"eicon-chevron-right\"><\/i>\t\t\t\t\t<\/div>\n\t\t\t\t\n\t\t\t\t\t\t\t\t\t<div class=\"swiper-pagination\"><\/div>\n\t\t\t\t\t\t\t\t\t<\/div>\n\t\t\t\t\t\t<\/div>\n\t\t\t\t<\/div>\n\t\t\t\t\t<\/div>\n\t\t<\/div>\n\t\t\t\t\t<\/div>\n\t\t<\/section>\n\t\t\t\t\t<\/div>\n\t\t<\/div>\n\t\t\t\t\t<\/div>\n\t\t<\/section>\n\t\t\t\t<\/div>","protected":false},"excerpt":{"rendered":"<p>Miele &#8211; Professionell F\u00fcr Standardanwendungen empfehlen wir Ihnen gerne dieReinigungsautomaten der Firma Miele. Diese Ger\u00e4te eignen sich u. a. f\u00fcr Anwendungen in den Bereichen Labor Gro\u00dflabor Industrie Zum Beispiel zur Reinigung von Kunststoffteilen, Magazinen undTransportbeh\u00e4ltern Reinigung von Boxen, Horden oder <a href=\"https:\/\/cmiwp.isedd.net\/en\/miele-reinigungsautomaten\/\"> Read more&#8230;<\/a><\/p>","protected":false},"author":1,"featured_media":0,"parent":0,"menu_order":0,"comment_status":"closed","ping_status":"closed","template":"","meta":{"footnotes":""},"class_list":["post-407","page","type-page","status-publish","hentry"],"_links":{"self":[{"href":"https:\/\/cmiwp.isedd.net\/en\/wp-json\/wp\/v2\/pages\/407","targetHints":{"allow":["GET"]}}],"collection":[{"href":"https:\/\/cmiwp.isedd.net\/en\/wp-json\/wp\/v2\/pages"}],"about":[{"href":"https:\/\/cmiwp.isedd.net\/en\/wp-json\/wp\/v2\/types\/page"}],"author":[{"embeddable":true,"href":"https:\/\/cmiwp.isedd.net\/en\/wp-json\/wp\/v2\/users\/1"}],"replies":[{"embeddable":true,"href":"https:\/\/cmiwp.isedd.net\/en\/wp-json\/wp\/v2\/comments?post=407"}],"version-history":[{"count":15,"href":"https:\/\/cmiwp.isedd.net\/en\/wp-json\/wp\/v2\/pages\/407\/revisions"}],"predecessor-version":[{"id":606,"href":"https:\/\/cmiwp.isedd.net\/en\/wp-json\/wp\/v2\/pages\/407\/revisions\/606"}],"wp:attachment":[{"href":"https:\/\/cmiwp.isedd.net\/en\/wp-json\/wp\/v2\/media?parent=407"}],"curies":[{"name":"wp","href":"https:\/\/api.w.org\/{rel}","templated":true}]}}