{"id":558,"date":"2019-06-23T19:56:24","date_gmt":"2019-06-23T19:56:24","guid":{"rendered":"https:\/\/cmiwp.isedd.net\/?page_id=558"},"modified":"2019-07-03T20:57:46","modified_gmt":"2019-07-03T20:57:46","slug":"ueber-uns","status":"publish","type":"page","link":"https:\/\/cmiwp.isedd.net\/en\/ueber-uns\/","title":{"rendered":"About us"},"content":{"rendered":"<div data-elementor-type=\"wp-post\" data-elementor-id=\"558\" class=\"elementor elementor-558\">\n\t\t\t\t\t\t<section class=\"elementor-section elementor-top-section elementor-element elementor-element-09457d6 elementor-section-boxed elementor-section-height-default elementor-section-height-default\" data-id=\"09457d6\" data-element_type=\"section\" data-e-type=\"section\">\n\t\t\t\t\t\t<div class=\"elementor-container elementor-column-gap-default\">\n\t\t\t\t\t<div class=\"elementor-column elementor-col-100 elementor-top-column elementor-element elementor-element-23ad9bc\" data-id=\"23ad9bc\" data-element_type=\"column\" data-e-type=\"column\">\n\t\t\t<div class=\"elementor-widget-wrap elementor-element-populated\">\n\t\t\t\t\t\t<div class=\"elementor-element elementor-element-311f12f elementor-widget elementor-widget-text-editor\" data-id=\"311f12f\" data-element_type=\"widget\" data-e-type=\"widget\" data-widget_type=\"text-editor.default\">\n\t\t\t\t<div class=\"elementor-widget-container\">\n\t\t\t\t\t\t\t\t\t<p>Die ISEDD GmbH hat ihre Wurzeln in dem 1985 von Reinhard Schulz und Norbert Elsbernd gegr\u00fcndeten \u201eIngenieurb\u00fcro f\u00fcr Umwelttechnologie\u201c.<br \/><br \/>In den ersten Jahren galt unser haupts\u00e4chliches Interesse dem in die Produktion integrierten Umweltschutz. Es war uns ein besonderes Anliegen, diese Philosophie der ressourcen- und umweltschonenden Arbeitsweise in Deutschland zu etablieren. Unsere Projekte befassten sich z. B. mit Boden-\/Luftprobenahme, Rauchgasanalyse, Produktionswasser-Kreislauff\u00fchrung, Biogasanlagen und FCKW-Reduzierung im Produktionsablauf.<br \/><br \/>Ein zus\u00e4tzliches Arbeitsfeld erschloss sich an der Schnittstelle von \u00d6kologie und \u00d6konomie mit der Entwicklung von kundenspezifischen L\u00f6sungen f\u00fcr unterschiedliche Produktionsbereiche aus Industrie und Handwerk. Die ersten Auftr\u00e4ge erhielten wir von Herstellern der innovativen optischen Datentr\u00e4ger. <br \/>Als sich der Schwerpunkt unserer T\u00e4tigkeit immer st\u00e4rker auf Entwicklung, Konstruktion und Fertigung f\u00fcr automatisierte Prozesse verlagerte, entschieden wir uns 1989, diesen Bereich in die ISEDD GmbH zu \u00fcberf\u00fchren.<br \/><br \/>ISEDD war einer der ersten kommerziellen Anbieter von Pr\u00fcfger\u00e4ten f\u00fcr die CD-Industrie. Unser Spektrum umfasst bis heute Messinstrumente u. a. f\u00fcr Doppelbrechung und Abformungsqualit\u00e4t. Zus\u00e4tzlich werden Produktionsger\u00e4te f\u00fcr die Galvanik entwickelt. Auch f\u00fcr Projekte aus den Gebieten Messdatenerfassung, Automatisierung, Reinigungstechnik und D\u00fcnnschichtlackierung sind f\u00fcr unsere Kunden passgenaue L\u00f6sungen entstanden.<br \/><br \/>Wir sind ein technisches Dienstleistungsunternehmen mit angeschlossener Fertigung. ISEDD bietet Ihnen Recherche, Beratung, Entwicklung, Konstruktion, Fertigung, Schulung des Bedienpersonals, Wartung und Instandhaltung und nat\u00fcrlich Ersatzteilservice.<br \/>Unsere St\u00e4rken liegen in der Konzentration auf das Interesse unserer Kunden und unserem fach- und branchen\u00fcbergreifenden technischen Wissen sowie der langj\u00e4hrigen Erfahrung in Maschinenbau, Mechatronik, Elektronik und Programmierung.<\/p>\t\t\t\t\t\t\t\t<\/div>\n\t\t\t\t<\/div>\n\t\t\t\t\t<\/div>\n\t\t<\/div>\n\t\t\t\t\t<\/div>\n\t\t<\/section>\n\t\t\t\t<section class=\"elementor-section elementor-top-section elementor-element elementor-element-4875405 elementor-section-boxed elementor-section-height-default elementor-section-height-default\" data-id=\"4875405\" data-element_type=\"section\" data-e-type=\"section\">\n\t\t\t\t\t\t<div class=\"elementor-container elementor-column-gap-default\">\n\t\t\t\t\t<div class=\"elementor-column elementor-col-100 elementor-top-column elementor-element elementor-element-90f4a21\" data-id=\"90f4a21\" data-element_type=\"column\" data-e-type=\"column\">\n\t\t\t<div class=\"elementor-widget-wrap elementor-element-populated\">\n\t\t\t\t\t\t<div class=\"elementor-element elementor-element-f8734ed elementor-widget elementor-widget-heading\" data-id=\"f8734ed\" data-element_type=\"widget\" data-e-type=\"widget\" data-widget_type=\"heading.default\">\n\t\t\t\t<div class=\"elementor-widget-container\">\n\t\t\t\t\t<h2 class=\"elementor-heading-title elementor-size-default\">Projektbeispiele<\/h2>\t\t\t\t<\/div>\n\t\t\t\t<\/div>\n\t\t\t\t\t<\/div>\n\t\t<\/div>\n\t\t\t\t\t<\/div>\n\t\t<\/section>\n\t\t\t\t<section class=\"elementor-section elementor-top-section elementor-element elementor-element-b104ffe elementor-section-boxed elementor-section-height-default elementor-section-height-default\" data-id=\"b104ffe\" data-element_type=\"section\" data-e-type=\"section\">\n\t\t\t\t\t\t<div class=\"elementor-container elementor-column-gap-default\">\n\t\t\t\t\t<div class=\"elementor-column elementor-col-100 elementor-top-column elementor-element elementor-element-61c1eb5\" data-id=\"61c1eb5\" data-element_type=\"column\" data-e-type=\"column\">\n\t\t\t<div class=\"elementor-widget-wrap elementor-element-populated\">\n\t\t\t\t\t\t<div class=\"elementor-element elementor-element-b57da11 elementor-widget elementor-widget-text-editor\" data-id=\"b57da11\" data-element_type=\"widget\" data-e-type=\"widget\" data-widget_type=\"text-editor.default\">\n\t\t\t\t<div class=\"elementor-widget-container\">\n\t\t\t\t\t\t\t\t\t<ul>\n  <li>\n    <p>Automatisches Pr\u00e4zisionsdickenmessger\u00e4t f\u00fcr Matrizen<\/p>\n  <\/li>\n  <li>\n    <p>Datenlogger zur Erfassung der Abk\u00fchltemperatur in der\nGussteileproduktion<\/p>\n  <\/li>\n  <li>\n    <p>Regelungseinrichtung f\u00fcr Galvanikbad zur Regelung der\nNickelsulfamat-Konzentration, des pH-Wertes und des F\u00fcllstandes sowie\nzur Dosierung von Butindiol<\/p>\n  <\/li>\n  <li>\n    <p>Aussenrandaufrauger\u00e4t f\u00fcr die Familienproduktion von\nMatrizen f\u00fcr die Produktion optischer Datentr\u00e4ger<\/p>\n  <\/li>\n  <li>\n    <p>Temperierger\u00e4t f\u00fcr Nanopartikellack<\/p>\n  <\/li>\n  <li>\n    <p>Miniaturdatenlogger zur Erfassung der K\u00f6rperkerntemperatur<\/p>\n  <\/li>\n  <li>\n    <p>Software zur \u00dcberwachung des Temperaturprofils in\nPulverbeschichtungsanlagen<\/p>\n  <\/li>\n  <li>\n    <p>Mobile Klimadatenerfassung zur Erarbeitung von\nArbeitsanweisung an Hitzearbeitspl\u00e4tzen mit Feucht- und\nStrahlungstemperatursensor, Psychrometer, Str\u00f6mungssensor,\nW\u00e4rmestrahlungssensor und Sensor f\u00fcr relative Feuchte<\/p>\n  <\/li>\n  <li>\n    <p>Pr\u00e4zisionsdosiereinrichtung f\u00fcr Nanopartikellacke<\/p>\n  <\/li>\n  <li>\n    <p>Messger\u00e4t zur Messung der Doppelbrechung bei der\nProduktion von Folien f\u00fcr LC-Displays<\/p>\n  <\/li>\n  <li>\n    <p>CleanerDryer zur Reinigung von Produktionsmatrizen<\/p>\n  <\/li>\n  <li>\n    <p>CleanerDryer zur Entlackung von Matrizen<\/p>\n  <\/li>\n  <li>\n    <p>Aerosolabscheider f\u00fcr UV-h\u00e4rtbare Lacke<\/p>\n  <\/li>\n  <li>\n    <p>Automatisierung eines Dickenmessger\u00e4tes f\u00fcr Matrizen<\/p>\n  <\/li>\n  <li>\n    <p>Automatisierung eines Oberfl\u00e4chenscanners f\u00fcr Matrizen<\/p>\n  <\/li>\n  <li>\n    <p>SpinCoater zum Auftrag von Schutzlack auf Matrizen\n(Aquapel)<\/p>\n  <\/li>\n  <li>\n    <p>Galvanikautomatisierung mit Matrizenreinigung,\nDickenmessung, Oberfl\u00e4chenscan und Laminator<\/p>\n  <\/li>\n  <li>\n    <p>Laborluftaufbereitungsanlage<\/p>\n  <\/li>\n  <li>\n    <p>Abwasseraufbereitungsanlage f\u00fcr die Kl\u00e4rung von mit\nZeriumdioxid belastetem Abwasser<\/p>\n  <\/li>\n  <li>\n    <p>B\u00fcrstenwaschanlage f\u00fcr die Feinreinigung von Glasmastern\nf\u00fcr optische Datentr\u00e4ger<\/p>\n  <\/li>\n  <li>\n    <p>SpinCoater f\u00fcr die Beschichtung von Silikat-Brillengl\u00e4sern\nmit Nanopartikellacken<\/p>\n  <\/li>\n  <li>\n    <p>SpinCoater f\u00fcr die Beschichtung von\nPolycarbonat-Brillengl\u00e4sern mit kratzfesten Beschichtungen<\/p>\n  <\/li>\n  <li>\n    <p>Messger\u00e4t zur Messung der Doppelbrechung an optischen\nDatentr\u00e4gernMessung der 1. und 2. Beugungsordnung an optischen\nDatentr\u00e4gern<\/p>\n  <\/li>\n  <li>\n    <p>Testsystem zur Qualit\u00e4tskontrolle in der\nLaserdisc-Produktion zur Messung des Signalrauschverh\u00e4ltnisses, von\nFarbfehlern und der elektrischen Fehler (BLER &#8230; E32)<\/p>\n  <\/li>\n  <li>\n    <p>CD-Testsystem zur Messung der elektrischen Fehler (BLER\n&#8230; E32) des Spurfolgerauschens (RadNoise) und des HF-Signals<\/p>\n  <\/li>\n<\/ul>\n\t\t\t\t\t\t\t\t<\/div>\n\t\t\t\t<\/div>\n\t\t\t\t\t<\/div>\n\t\t<\/div>\n\t\t\t\t\t<\/div>\n\t\t<\/section>\n\t\t\t\t<\/div>","protected":false},"excerpt":{"rendered":"<p>Die ISEDD GmbH hat ihre Wurzeln in dem 1985 von Reinhard Schulz und Norbert Elsbernd gegr\u00fcndeten \u201eIngenieurb\u00fcro f\u00fcr Umwelttechnologie\u201c. In den ersten Jahren galt unser haupts\u00e4chliches Interesse dem in die Produktion integrierten Umweltschutz. Es war uns ein besonderes Anliegen, diese <a href=\"https:\/\/cmiwp.isedd.net\/en\/ueber-uns\/\"> Read more&#8230;<\/a><\/p>","protected":false},"author":1,"featured_media":0,"parent":0,"menu_order":0,"comment_status":"closed","ping_status":"closed","template":"","meta":{"footnotes":""},"class_list":["post-558","page","type-page","status-publish","hentry"],"_links":{"self":[{"href":"https:\/\/cmiwp.isedd.net\/en\/wp-json\/wp\/v2\/pages\/558","targetHints":{"allow":["GET"]}}],"collection":[{"href":"https:\/\/cmiwp.isedd.net\/en\/wp-json\/wp\/v2\/pages"}],"about":[{"href":"https:\/\/cmiwp.isedd.net\/en\/wp-json\/wp\/v2\/types\/page"}],"author":[{"embeddable":true,"href":"https:\/\/cmiwp.isedd.net\/en\/wp-json\/wp\/v2\/users\/1"}],"replies":[{"embeddable":true,"href":"https:\/\/cmiwp.isedd.net\/en\/wp-json\/wp\/v2\/comments?post=558"}],"version-history":[{"count":6,"href":"https:\/\/cmiwp.isedd.net\/en\/wp-json\/wp\/v2\/pages\/558\/revisions"}],"predecessor-version":[{"id":603,"href":"https:\/\/cmiwp.isedd.net\/en\/wp-json\/wp\/v2\/pages\/558\/revisions\/603"}],"wp:attachment":[{"href":"https:\/\/cmiwp.isedd.net\/en\/wp-json\/wp\/v2\/media?parent=558"}],"curies":[{"name":"wp","href":"https:\/\/api.w.org\/{rel}","templated":true}]}}